{"id":11,"date":"2008-03-02T22:53:23","date_gmt":"2008-03-02T21:53:23","guid":{"rendered":"http:\/\/localhost\/sagahof\/?page_id=11"},"modified":"2020-09-12T06:59:43","modified_gmt":"2020-09-12T05:59:43","slug":"pferde","status":"publish","type":"page","link":"https:\/\/www.sagahof.ch\/?page_id=11","title":{"rendered":"Pferde"},"content":{"rendered":"<h3><\/h3>\n<h3><strong>Rh<\/strong><a title=\"p1010625-1.JPG\" href=\"http:\/\/www.sagahof.ch\/wp-content\/uploads\/2010\/10\/p1010625-1.JPG\"><img loading=\"lazy\" decoding=\"async\" class=\"alignleft\" src=\"http:\/\/www.sagahof.ch\/wp-content\/uploads\/2010\/10\/p1010625-1.JPG\" alt=\"p1010625-1.JPG\" width=\"220\" height=\"294\" \/><\/a><strong>injandi<\/strong><\/h3>\n<p><strong> Wallach, Jahrgang 1995, 3-G\u00e4nger<br \/>\n<\/strong>Rini ist ein treues, sensibles und sehr geduldiges Pferd. Er sucht sich seine Leute aus. Gibt sich ein Reitsch\u00fcler jedoch keine M\u00fche, dann kann er ihn schon mal auf die Probe stellen. Nur wer Rini respektvoll und fair behandelt, wird es mit ihm weit bringen. Er ist der Boss in der Herde.<\/p>\n<h3>____________________________________________________________________<\/h3>\n<h3>Apall<a title=\"p1010315.JPG\" href=\"http:\/\/www.sagahof.ch\/wp-content\/uploads\/2010\/10\/p1010315.JPG\"><img loading=\"lazy\" decoding=\"async\" class=\"alignleft\" src=\"http:\/\/www.sagahof.ch\/wp-content\/uploads\/2010\/10\/p1010315.JPG\" alt=\"p1010315.JPG\" width=\"220\" height=\"294\" \/><\/a><\/h3>\n<p><strong>Wallach, Jahrgang 2003, 4-G\u00e4nger<br \/>\n<\/strong>Apall ist ein lustiges Pferd. Da er eher noch jung ist, braucht er noch viel Arbeit. Seine Farbe wie auch seinen Charakter sind sehr speziell. Seine Lieblingsbesch\u00e4ftigung ist das Clickern, davon kann er nicht genug kriegen. Er kann schon einige Kunstst\u00fccke und es macht viel Spass. Er spielt sehr gerne mit Bresi und orientiert sich auch sonst voll und ganz nach ihm.<\/p>\n<h3>____________________________________________________________________<\/h3>\n<h3>Kve<a href=\"http:\/\/www.sagahof.ch\/wp-content\/uploads\/2008\/03\/schulpferd_kvedja1.jpg\"><img loading=\"lazy\" decoding=\"async\" class=\" wp-image-444 alignleft\" src=\"http:\/\/www.sagahof.ch\/wp-content\/uploads\/2008\/03\/schulpferd_kvedja1-199x300.jpg\" alt=\"schulpferd_kvedja1\" width=\"220\" height=\"331\" srcset=\"https:\/\/www.sagahof.ch\/wp-content\/uploads\/2008\/03\/schulpferd_kvedja1-199x300.jpg 199w, https:\/\/www.sagahof.ch\/wp-content\/uploads\/2008\/03\/schulpferd_kvedja1-680x1024.jpg 680w, https:\/\/www.sagahof.ch\/wp-content\/uploads\/2008\/03\/schulpferd_kvedja1.jpg 712w\" sizes=\"auto, (max-width: 220px) 100vw, 220px\" \/><\/a>dja<\/h3>\n<p><strong>Stute, Jahrgang 1999, 5-G\u00e4nger<\/strong><br \/>\nKvedja kommt urspr\u00fcnglich aus Island. Sie ist ein lustiges Pferd und macht unglaublich Spass, da sie sehr weiche Gangarten hat und dadurch sehr bequem ist. Sie ist fleissig und mit Anf\u00e4ngern sehr lieb, die besseren Reiter jedoch stellt sie immer mal wieder auf die Probe. Der Rennpass ist ihre Lieblingsgangart. In der Herde ist sie sehr beliebt, die anderen orientieren sich gerne an ihr.<\/p>\n<h3>____________________________________________________________________<\/h3>\n<h3>B<a title=\"p1020757.JPG\" href=\"http:\/\/www.sagahof.ch\/wp-content\/uploads\/2012\/03\/p1020757.JPG\"><img loading=\"lazy\" decoding=\"async\" class=\"alignleft\" src=\"http:\/\/www.sagahof.ch\/wp-content\/uploads\/2012\/03\/p1020757.JPG\" alt=\"p1020757.JPG\" width=\"220\" height=\"294\" \/><\/a>lossi<\/h3>\n<p><strong>Wallach, Jahrgang 1998, 4-G\u00e4nger<\/strong><br \/>\nBlossi ist ein sehr freundliches, liebes und lustiges Pferd. Er hat tolle Grundgangarten und einen tollen T\u00f6lt mit viel Tempovarianz. Er hat sich schon gut mit Bresi und Apall angefreundet, spielt mit ihnen und ist auch sonst f\u00fcr jeglichen Bl\u00f6dsinn zu haben.<\/p>\n<h3>____________________________________________________________________<\/h3>\n<h3>R\u00f6kkvadi<a href=\"http:\/\/www.sagahof.ch\/wp-content\/uploads\/2008\/03\/R\u00f6kkvadis.jpg\"><img loading=\"lazy\" decoding=\"async\" class=\" wp-image-1178 alignleft\" src=\"http:\/\/www.sagahof.ch\/wp-content\/uploads\/2008\/03\/R\u00f6kkvadis-217x300.jpg\" alt=\"\" width=\"220\" height=\"305\" srcset=\"https:\/\/www.sagahof.ch\/wp-content\/uploads\/2008\/03\/R\u00f6kkvadis-217x300.jpg 217w, https:\/\/www.sagahof.ch\/wp-content\/uploads\/2008\/03\/R\u00f6kkvadis-768x1062.jpg 768w, https:\/\/www.sagahof.ch\/wp-content\/uploads\/2008\/03\/R\u00f6kkvadis-740x1024.jpg 740w, https:\/\/www.sagahof.ch\/wp-content\/uploads\/2008\/03\/R\u00f6kkvadis.jpg 1726w\" sizes=\"auto, (max-width: 220px) 100vw, 220px\" \/><\/a>s<\/h3>\n<p><strong>Stute, Jahrgang 2004, 5-G\u00e4nger<\/strong><br \/>\nR\u00f6kkvadis ist das Privatpferd von Viviane und wird nicht im Reitunterricht eingesetzt. R\u00f6kkvadis kam im 2012 von Island in die Schweiz. Sie hatte anfangs grosse M\u00fche in der Schweiz. Zwischenzeitlich hat sie sich super eingelebt. Sie ist sehr intelligent und sensibel. Sie liebt das Clickern und kann zwischenzeitlich viele Zirkuslektionen.<\/p>\n<h3>____________________________________________________________________<\/h3>\n<h3><strong>Fi<a title=\"FInkli\" href=\"http:\/\/www.sagahof.ch\/wp-content\/uploads\/2011\/02\/finkli2.JPG\"><img loading=\"lazy\" decoding=\"async\" class=\"alignleft\" src=\"http:\/\/www.sagahof.ch\/wp-content\/uploads\/2011\/02\/finkli2.JPG\" alt=\"FInkli\" width=\"220\" height=\"165\" \/><\/a>nkli <\/strong><\/h3>\n<p><strong>Kater, Jahrgang 2009, 3-G\u00e4nger<\/strong><br \/>\nFinkli ist unsere Stallkatze. Er hat das sch\u00f6nste Leben, das man sich vorstellen kann. Er geniesst die Freiheit und wenn er Streicheleinheiten braucht, findet er immer welche bei uns und den Reitsch\u00fclern.<\/p>\n<h3>____________________________________________________________________<\/h3>\n<h1>Ehemalige Pferde<\/h1>\n<h3><a href=\"http:\/\/www.sagahof.ch\/wp-content\/uploads\/2019\/01\/gumi.jpg\"><img loading=\"lazy\" decoding=\"async\" class=\"wp-image-1452 alignleft\" src=\"http:\/\/www.sagahof.ch\/wp-content\/uploads\/2019\/01\/gumi-167x300.jpg\" alt=\"\" width=\"224\" height=\"402\" srcset=\"https:\/\/www.sagahof.ch\/wp-content\/uploads\/2019\/01\/gumi-167x300.jpg 167w, https:\/\/www.sagahof.ch\/wp-content\/uploads\/2019\/01\/gumi-768x1378.jpg 768w, https:\/\/www.sagahof.ch\/wp-content\/uploads\/2019\/01\/gumi-571x1024.jpg 571w, https:\/\/www.sagahof.ch\/wp-content\/uploads\/2019\/01\/gumi.jpg 1606w\" sizes=\"auto, (max-width: 224px) 100vw, 224px\" \/><\/a><br \/>\nGumi<\/h3>\n<p><strong>Wallach, Jahrgang 2006, 4-G\u00e4nger<\/strong><br \/>\nGumi kam im Herbst 18 zu uns. Urspr\u00fcnglich kommt er aus Island und ist seit 2014 in der Schweiz. Er hat sich sehr schnell eingelebt und liebt es mit den anderen Wallachen zu spielen. Der Reitplatz war im noch etwas fremd, aber es ist sehr motiviert, fleissig und gibt sich enorm M\u00fche. Gumi mussten wir leider wegen einer Kolik im Juni 2020 erl\u00f6sen.<\/p>\n<h3>____________________________________________________________________<\/h3>\n<h3><strong>Sag<a title=\"saga.JPG\" href=\"http:\/\/www.sagahof.ch\/wp-content\/uploads\/2008\/05\/saga.JPG\"><img loading=\"lazy\" decoding=\"async\" class=\"alignleft\" src=\"http:\/\/www.sagahof.ch\/wp-content\/uploads\/2008\/05\/saga.JPG\" alt=\"saga.JPG\" width=\"220\" height=\"294\" \/><\/a>a<\/strong><\/h3>\n<p><strong>Stute, Jahrgang\u00a01993, 5-G\u00e4nger<br \/>\n<\/strong>Saga ist mein erstes Islandpferd. Sie ist sehr ausgeglichen, zuverl\u00e4ssig und passt sich dem Reiter an. Zudem ist sie sehr beliebt, da viele auf ihr die ersten T\u00f6ltererfahrungen geniessen durften. Mit einem Leckerli kann man bei ihr Punkten. In der Herde ist sie die Unscheinbare. Saga mussten wir im Februar 2019, wegen einem Weideunfall erl\u00f6sen.<\/p>\n<h3>____________________________________________________________________<\/h3>\n<h3><a href=\"http:\/\/www.sagahof.ch\/wp-content\/uploads\/2008\/03\/Feginn_Knie1.jpg\"><img loading=\"lazy\" decoding=\"async\" class=\"wp-image-1181 alignleft\" src=\"http:\/\/www.sagahof.ch\/wp-content\/uploads\/2008\/03\/Feginn_Knie1-296x300.jpg\" alt=\"\" width=\"220\" height=\"223\" srcset=\"https:\/\/www.sagahof.ch\/wp-content\/uploads\/2008\/03\/Feginn_Knie1-296x300.jpg 296w, https:\/\/www.sagahof.ch\/wp-content\/uploads\/2008\/03\/Feginn_Knie1-768x779.jpg 768w, https:\/\/www.sagahof.ch\/wp-content\/uploads\/2008\/03\/Feginn_Knie1-1010x1024.jpg 1010w, https:\/\/www.sagahof.ch\/wp-content\/uploads\/2008\/03\/Feginn_Knie1.jpg 1901w\" sizes=\"auto, (max-width: 220px) 100vw, 220px\" \/><\/a><\/h3>\n<h3>Feginn<\/h3>\n<p><strong>Stute, Jahrgang 2006, 4-G\u00e4nger<\/strong><br \/>\nFeginn wurde in Deutschland gez\u00fcchtet und kam mit 6 Jahren in die Schweiz. Leider musste sich ihre Ex-Besitzerin aus gesundheitlichen Gr\u00fcnden von Feginn trennen und ich habe sie \u00fcbernommen. Sie ist ein Spasspferd und liebt kurze, abwechslungsreiche Ritte. Das Reitviereck ist nicht ihre Leidenschaft, darum eignet sie sich auch nicht als Schulpferd.<br \/>\nFeginn kam im Februar 2019 an einen sehr sch\u00f6nen Platz und wir w\u00fcnschen der neuen Besitzerin viel Freude mit ihr.<\/p>\n<h3>____________________________________________________________________<\/h3>\n<h3>Dimm<a href=\"http:\/\/www.sagahof.ch\/wp-content\/uploads\/2008\/03\/Dimmalim1.jpg\"><img loading=\"lazy\" decoding=\"async\" class=\" wp-image-1180 alignleft\" src=\"http:\/\/www.sagahof.ch\/wp-content\/uploads\/2008\/03\/Dimmalim1-208x300.jpg\" alt=\"\" width=\"220\" height=\"317\" srcset=\"https:\/\/www.sagahof.ch\/wp-content\/uploads\/2008\/03\/Dimmalim1-208x300.jpg 208w, https:\/\/www.sagahof.ch\/wp-content\/uploads\/2008\/03\/Dimmalim1-768x1109.jpg 768w, https:\/\/www.sagahof.ch\/wp-content\/uploads\/2008\/03\/Dimmalim1-709x1024.jpg 709w\" sizes=\"auto, (max-width: 220px) 100vw, 220px\" \/><\/a>alim<\/h3>\n<p><strong>Stute, Jahrgang 2004, 4-G\u00e4nger<\/strong><br \/>\nDimmalim wurde auf dem Kitihof geboren und war f\u00fcr die Grundausbildung auf dem Sagahof. Im 2016 bekam Dimmalim ein Hengstfohlen. Seit Dezember 2016 ist Dimmalim wieder bei uns. Sie ist sehr fleissig und m\u00f6chte dem Reiter stets gefallen.<\/p>\n<p>Dimmalim kam im Herbst 18 zu einer neuen Besitzerin. Leider verstarb sie kurze Zeit sp\u00e4ter an einem Loch in D\u00fcnndarm.<\/p>\n<h3>____________________________________________________________________<\/h3>\n<h3><strong>Blos<a title=\"p1010626.JPG\" href=\"http:\/\/www.sagahof.ch\/wp-content\/uploads\/2010\/10\/p1010626.JPG\"><img loading=\"lazy\" decoding=\"async\" class=\"alignleft\" src=\"http:\/\/www.sagahof.ch\/wp-content\/uploads\/2010\/10\/p1010626.JPG\" alt=\"p1010626.JPG\" width=\"220\" height=\"293\" \/><\/a>si<\/strong><strong><br \/>\n<\/strong><\/h3>\n<p><strong>Wallach, Jahrgang 1997, Dreig\u00e4nger<\/strong><br \/>\nBlossi hat ein neues Zuhause gefunden. Er lebt nun im W\u00e4gital bei einer lieben Familien und seinem neuen Kumpel Skumur. Im Sommer darf er sogar auf die Alp, er hat es wundersch\u00f6n dort.<\/p>\n<p>Leider mussten wir ihn im Sommer 2015 erl\u00f6sen, da sein Zustand nach und nach schlechter wurde.<\/p>\n<h3>____________________________________________________________________<\/h3>\n<h3><\/h3>\n<h3><strong>Kjark<a title=\"p1000839.JPG\" href=\"http:\/\/www.sagahof.ch\/wp-content\/uploads\/2009\/08\/p1000839.JPG\"><img loading=\"lazy\" decoding=\"async\" class=\"alignleft\" src=\"http:\/\/www.sagahof.ch\/wp-content\/uploads\/2009\/08\/p1000839.JPG\" alt=\"p1000839.JPG\" width=\"220\" height=\"293\" \/><\/a>ur<\/strong><\/h3>\n<p><strong>Wallach, Jahrgang 1995, Vierg\u00e4nger<br \/>\n<\/strong>Kjarkur wurde 2 Jahre auf dem Sagahof als Schulpferd eingesetzt. Ende Jan. 2012 hat ihn seine langj\u00e4hrige Reitbeteiligung \u00fcbernommen. Er ist nun auf dem Haldenhof in Aesch zu Hause.<\/p>\n<h3>____________________________________________________________________<\/h3>\n<h3><\/h3>\n<h3 align=\"left\"><strong>Dimmi<a title=\"dimmi1.jpg\" href=\"http:\/\/www.sagahof.ch\/wp-content\/uploads\/2009\/02\/dimmi1.jpg\"><img loading=\"lazy\" decoding=\"async\" class=\"alignleft\" src=\"http:\/\/www.sagahof.ch\/wp-content\/uploads\/2009\/02\/dimmi1.jpg\" alt=\"dimmi1.jpg\" width=\"220\" height=\"293\" \/><\/a><\/strong><\/h3>\n<p align=\"left\"><strong>Wallach, Jahrgang 1986, 5-G\u00e4nger<\/strong><br \/>\nDimmi war 4 Jahre auf dem Sagahof als Reitschulpferd t\u00e4tig. Er war in dieser Zeit einer unserer beliebtesten und zuverl\u00e4ssigsten Pferde. Da er leider mit den Beinen Probleme bekam und ich ihn nicht nutzen wollte bis es gar nicht mehr ging, haben wir f\u00fcr ihn ein sehr sch\u00f6nes Pl\u00e4tzli gefunden ganz in der N\u00e4he. Er lebt dort mit einem anderen Isi-St\u00fcetli zusammen, darf oft auf die Weide und wird immer mal wieder geritten.<\/p>\n<h3>____________________________________________________________________<\/h3>\n<h3><\/h3>\n<h3>Bleik<a title=\"p1020744.JPG\" href=\"http:\/\/www.sagahof.ch\/wp-content\/uploads\/2012\/03\/p1020744.JPG\"><img loading=\"lazy\" decoding=\"async\" class=\"alignleft\" src=\"http:\/\/www.sagahof.ch\/wp-content\/uploads\/2012\/03\/p1020744.JPG\" alt=\"p1020744.JPG\" width=\"220\" height=\"293\" \/><\/a>alinga<\/h3>\n<p><strong>Stute, Jahrgang 2000, 5-G\u00e4nger<\/strong><br \/>\nDa Bleika ein Einfraupferd ist, hat sie eine neue Besitzerin. Sie steht aber weiterhin auf dem Sagahof, das freut uns sehr.<br \/>\nLeider ist Bleika im Herbst 2016 an einer Kolik gestorben.<\/p>\n<h3>____________________________________________________________________<\/h3>\n<h3><\/h3>\n<h3>Bres<a title=\"Bresi\" href=\"http:\/\/www.sagahof.ch\/wp-content\/uploads\/2011\/02\/vivi-054.jpg\"><img loading=\"lazy\" decoding=\"async\" class=\"alignleft\" src=\"http:\/\/www.sagahof.ch\/wp-content\/uploads\/2011\/02\/vivi-054.jpg\" alt=\"Bresi\" width=\"220\" height=\"295\" \/><\/a>i<\/h3>\n<p><strong>Wallach, Jahrgang 1991, 4-G\u00e4nger<\/strong><br \/>\nBresi ist wieder bei seiner ehemaligen Besitzerin, so war der Abschied f\u00fcr uns um einiges einfacher, auch wenn er uns fehlen wird. Leider ist Bresi im Herbst 18 an einer Kolik gestorben.<\/p>\n<h3>____________________________________________________________________<\/h3>\n<h3><\/h3>\n<h3><strong>Trygg<a title=\"trygg.JPG\" href=\"http:\/\/www.sagahof.ch\/wp-content\/uploads\/2008\/05\/trygg.JPG\"><img loading=\"lazy\" decoding=\"async\" class=\"alignleft\" src=\"http:\/\/www.sagahof.ch\/wp-content\/uploads\/2008\/05\/trygg.JPG\" alt=\"trygg.JPG\" width=\"220\" height=\"293\" \/><\/a><\/strong><\/h3>\n<p><strong> Stute, Jahrgang 1997, 4-G\u00e4nger<\/strong><br \/>\nTrygg hat es sich schwer getan als Schulpferd. Nun steht sie in Rifferswil bei einer ehemaligen Reitsch\u00fclerin, welche Trygg so liebt wie sie ist.<\/p>\n","protected":false},"excerpt":{"rendered":"<p>Rhinjandi Wallach, Jahrgang 1995, 3-G\u00e4nger Rini ist ein treues, sensibles und sehr geduldiges Pferd. Er sucht sich seine Leute aus. Gibt sich ein Reitsch\u00fcler jedoch keine M\u00fche, dann kann er ihn schon mal auf die Probe stellen. Nur wer Rini respektvoll und fair behandelt, wird es mit ihm weit bringen. Er ist der Boss in [&hellip;]<\/p>\n","protected":false},"author":1,"featured_media":0,"parent":0,"menu_order":0,"comment_status":"open","ping_status":"open","template":"","meta":{"footnotes":""},"class_list":["post-11","page","type-page","status-publish","hentry"],"_links":{"self":[{"href":"https:\/\/www.sagahof.ch\/index.php?rest_route=\/wp\/v2\/pages\/11","targetHints":{"allow":["GET"]}}],"collection":[{"href":"https:\/\/www.sagahof.ch\/index.php?rest_route=\/wp\/v2\/pages"}],"about":[{"href":"https:\/\/www.sagahof.ch\/index.php?rest_route=\/wp\/v2\/types\/page"}],"author":[{"embeddable":true,"href":"https:\/\/www.sagahof.ch\/index.php?rest_route=\/wp\/v2\/users\/1"}],"replies":[{"embeddable":true,"href":"https:\/\/www.sagahof.ch\/index.php?rest_route=%2Fwp%2Fv2%2Fcomments&post=11"}],"version-history":[{"count":32,"href":"https:\/\/www.sagahof.ch\/index.php?rest_route=\/wp\/v2\/pages\/11\/revisions"}],"predecessor-version":[{"id":1618,"href":"https:\/\/www.sagahof.ch\/index.php?rest_route=\/wp\/v2\/pages\/11\/revisions\/1618"}],"wp:attachment":[{"href":"https:\/\/www.sagahof.ch\/index.php?rest_route=%2Fwp%2Fv2%2Fmedia&parent=11"}],"curies":[{"name":"wp","href":"https:\/\/api.w.org\/{rel}","templated":true}]}}