{"id":10,"date":"2008-03-02T22:53:16","date_gmt":"2008-03-02T21:53:16","guid":{"rendered":"http:\/\/localhost\/sagahof\/?page_id=10"},"modified":"2026-04-07T10:54:27","modified_gmt":"2026-04-07T09:54:27","slug":"angebot","status":"publish","type":"page","link":"https:\/\/www.sagahof.ch\/?page_id=10","title":{"rendered":"Angebot"},"content":{"rendered":"<p><strong><span style=\"color: #333333;\">Kursangebote<\/span><\/strong><\/p>\n<p>Diverse Kurse w\u00e4hrend den Schulferien runden das Angebot f\u00fcr Kinder und Jugendliche ab. Halbtages- sowie Tageskurse werden durchgef\u00fchrt. Anf\u00e4nger als auch fortgeschrittene Reiter-\/innen finden bei uns ein passendes Kursangebot.<\/p>\n\n\n<h3 class=\"wp-block-heading\"><strong>Jahresprogramm 20<\/strong>26<\/h3>\n\n\n\n<ul class=\"wp-block-list\">\n<li><strong>Halbtages-Reitkurs <\/strong><br>20.04. &#8211; 24.04.2026 von 09.00 &#8211; 12.30 Uhr <a href=\"https:\/\/www.sagahof.ch\/wp-content\/uploads\/2025\/12\/Reitkurs-Fruhling.pdf\" data-type=\"link\" data-id=\"https:\/\/www.sagahof.ch\/wp-content\/uploads\/2025\/12\/Reitkurs-Fruhling.pdf\" target=\"_blank\" rel=\"noreferrer noopener\">Info und Anmeldung<\/a> (noch 1 Platz frei<\/li>\n<\/ul>\n\n\n\n<p><\/p>\n\n\n\n<ul class=\"wp-block-list\">\n<li><strong>Ponyplausch<\/strong> <br>27.04. &#8211; 29.04.2026 von 14.00 &#8211; 17.00 Uhr <a href=\"https:\/\/www.sagahof.ch\/wp-content\/uploads\/2025\/12\/Ponyplausch-Fruhling.pdf\" data-type=\"link\" data-id=\"https:\/\/www.sagahof.ch\/wp-content\/uploads\/2025\/12\/Ponyplausch-Fruhling.pdf\" target=\"_blank\" rel=\"noreferrer noopener\">Info und Anmeldung<\/a> (noch 5 freie Pl\u00e4tze)<\/li>\n<\/ul>\n\n\n\n<p><\/p>\n\n\n\n<ul class=\"wp-block-list\">\n<li><strong>Halbtages-Reitkurs<\/strong> <br>13.07. &#8211; 17.07.2026 von 09.00 &#8211; 12.30 Uhr <a href=\"https:\/\/www.sagahof.ch\/wp-content\/uploads\/2025\/12\/Reitkurs-Sommer.pdf\" data-type=\"link\" data-id=\"https:\/\/www.sagahof.ch\/wp-content\/uploads\/2025\/12\/Reitkurs-Sommer.pdf\" target=\"_blank\" rel=\"noreferrer noopener\">Info und Anmeldung<\/a> (ausgebucht)<\/li>\n<\/ul>\n\n\n\n<p><\/p>\n\n\n\n<ul class=\"wp-block-list\">\n<li><strong>Halbtages-Reitkurs<\/strong><br>05.10. &#8211; 09.10.2026 von 09.00 &#8211; 12.30 Uhr <a href=\"https:\/\/www.sagahof.ch\/wp-content\/uploads\/2025\/12\/Reitkurs-Herbst.pdf\" data-type=\"link\" data-id=\"https:\/\/www.sagahof.ch\/wp-content\/uploads\/2025\/12\/Reitkurs-Herbst.pdf\" target=\"_blank\" rel=\"noreferrer noopener\">Info und Anmeldung<\/a><\/li>\n<\/ul>\n\n\n\n<p><\/p>\n\n\n\n<ul class=\"wp-block-list\">\n<li><strong>Ponyplausch<\/strong> <br>12.10. &#8211; 14.10.2026 von 14.00 &#8211; 17.00 Uhr <a href=\"https:\/\/www.sagahof.ch\/wp-content\/uploads\/2025\/12\/Ponyplausch-Herbst.pdf\" data-type=\"link\" data-id=\"https:\/\/www.sagahof.ch\/wp-content\/uploads\/2025\/12\/Ponyplausch-Herbst.pdf\" target=\"_blank\" rel=\"noreferrer noopener\">Info und Anmeldung<\/a><\/li>\n<\/ul>\n\n\n\n<p><\/p>\n\n\n\n<p>____________________________________________________________________<\/p>\n\n\n\n<h3 class=\"wp-block-heading\">Gutscheine<\/h3>\n\n\n\n<figure class=\"wp-block-table\"><table class=\"has-fixed-layout\"><tbody><tr><td>Geburtstagsausritt (90 Minuten)<\/td><td>Fr.<\/td><td>80.00<\/td><\/tr><tr><td>Gutschein f\u00fcr Reitstunden, Ausritte, Kurse ect.<\/td><td>Fr.<\/td><td>individuell<\/td><\/tr><\/tbody><\/table><\/figure>\n\n\n\n<h3 class=\"wp-block-heading\">____________________________________________________________________<\/h3>\n\n\n\n<h3 class=\"wp-block-heading\">Beritt<\/h3>\n\n\n\n<p>Wir haben jeweils einen Platz frei f\u00fcr Beritt von Reitpferden oder f\u00fcr Jungpferdeausbildung.<\/p>\n\n\n\n<figure class=\"wp-block-table\"><table class=\"has-fixed-layout\"><tbody><tr><td>Beritt inkl. Pension monatlich<\/td><td>Fr.<\/td><td>1100.00<\/td><\/tr><tr><td>&nbsp;<\/td><td>&nbsp;<\/td><td>&nbsp;<\/td><\/tr><\/tbody><\/table><\/figure>\n\n\n\n<h3 class=\"wp-block-heading\">____________________________________________________________________<\/h3>\n\n\n\n<h3 class=\"wp-block-heading\">Reitunterricht extern<\/h3>\n\n\n\n<p>Es besteht weiter die M\u00f6glichkeit, dass ich extern auf Ihrem Hof und Ihrem Privatpferd Reitunterricht erteile.<\/p>\n\n\n\n<figure class=\"wp-block-table\"><table class=\"has-fixed-layout\"><tbody><tr><td>Privatstunde (30 Min.)<\/td><td>Fr.<\/td><td>40.00<\/td><\/tr><tr><td>Privatstunde (60 Min..)<\/td><td>Fr.<\/td><td>80.00<\/td><\/tr><tr><td>Anfahrt Auto (pro km)<\/td><td>Fr.<\/td><td>0.70<\/td><\/tr><\/tbody><\/table><\/figure>\n\n\n\n<p><\/p>\n\n\n\n<div class=\"wp-block-file\"><a id=\"wp-block-file--media-41a30ba4-6ae1-49eb-8cb9-4a7622dff767\" href=\"http:\/\/www.sagahof.ch\/wp-content\/uploads\/2020\/07\/AGB.pdf\">AGB<\/a><a href=\"http:\/\/www.sagahof.ch\/wp-content\/uploads\/2020\/07\/AGB.pdf\" class=\"wp-block-file__button wp-element-button\" download aria-describedby=\"wp-block-file--media-41a30ba4-6ae1-49eb-8cb9-4a7622dff767\">Download<\/a><\/div>\n","protected":false},"excerpt":{"rendered":"<p>Kursangebote Diverse Kurse w\u00e4hrend den Schulferien runden das Angebot f\u00fcr Kinder und Jugendliche ab. Halbtages- sowie Tageskurse werden durchgef\u00fchrt. Anf\u00e4nger als auch fortgeschrittene Reiter-\/innen finden bei uns ein passendes Kursangebot. Jahresprogramm 2026 ____________________________________________________________________ Gutscheine Geburtstagsausritt (90 Minuten) Fr. 80.00 Gutschein f\u00fcr Reitstunden, Ausritte, Kurse ect. Fr. individuell ____________________________________________________________________ Beritt Wir haben jeweils einen Platz frei [&hellip;]<\/p>\n","protected":false},"author":1,"featured_media":0,"parent":0,"menu_order":0,"comment_status":"open","ping_status":"open","template":"","meta":{"footnotes":""},"class_list":["post-10","page","type-page","status-publish","hentry"],"_links":{"self":[{"href":"https:\/\/www.sagahof.ch\/index.php?rest_route=\/wp\/v2\/pages\/10","targetHints":{"allow":["GET"]}}],"collection":[{"href":"https:\/\/www.sagahof.ch\/index.php?rest_route=\/wp\/v2\/pages"}],"about":[{"href":"https:\/\/www.sagahof.ch\/index.php?rest_route=\/wp\/v2\/types\/page"}],"author":[{"embeddable":true,"href":"https:\/\/www.sagahof.ch\/index.php?rest_route=\/wp\/v2\/users\/1"}],"replies":[{"embeddable":true,"href":"https:\/\/www.sagahof.ch\/index.php?rest_route=%2Fwp%2Fv2%2Fcomments&post=10"}],"version-history":[{"count":213,"href":"https:\/\/www.sagahof.ch\/index.php?rest_route=\/wp\/v2\/pages\/10\/revisions"}],"predecessor-version":[{"id":2124,"href":"https:\/\/www.sagahof.ch\/index.php?rest_route=\/wp\/v2\/pages\/10\/revisions\/2124"}],"wp:attachment":[{"href":"https:\/\/www.sagahof.ch\/index.php?rest_route=%2Fwp%2Fv2%2Fmedia&parent=10"}],"curies":[{"name":"wp","href":"https:\/\/api.w.org\/{rel}","templated":true}]}}